{"id":46,"date":"2022-09-19T12:31:50","date_gmt":"2022-09-19T10:31:50","guid":{"rendered":"https:\/\/ts-gepard.com\/?page_id=46"},"modified":"2022-09-30T13:11:16","modified_gmt":"2022-09-30T11:11:16","slug":"faq","status":"publish","type":"page","link":"https:\/\/ts-gepard.com\/en\/faq\/","title":{"rendered":"FAQ"},"content":{"rendered":"<div class=\"wp-block-cover gfxlab-a-fadeIn\" style=\"min-height:50rem;aspect-ratio:unset;\"><span aria-hidden=\"true\" class=\"wp-block-cover__background has-secondary-background-color has-background-dim-100 has-background-dim\"><\/span><div class=\"wp-block-cover__inner-container is-layout-flow wp-block-cover-is-layout-flow\">\n<div class=\"wp-block-group is-layout-flow wp-block-group-is-layout-flow\">\n<h2 class=\"has-text-align-center wp-block-heading\" style=\"font-size:9rem;line-height:1.2\">Frequently Asked Questions<\/h2>\n<\/div>\n<\/div><\/div>\n\n\n\n<div class=\"wp-block-group is-layout-constrained wp-container-core-group-is-layout-61d65d4b wp-block-group-is-layout-constrained\" style=\"margin-top:7rem;margin-bottom:7rem\">\n<p class=\"has-medium-font-size\" style=\"font-style:normal;font-weight:500\">Do you have a question about TS-Gepard\u2019s international transport and pallet shipping activities? If you do not find an answer below, please feel free to contact us by e-mail or telephone.<\/p>\n\n\n\n<div class=\"wp-block-kadence-accordion alignnone\"><div class=\"kt-accordion-wrap kt-accordion-wrap kt-accordion-id_e8779b-f8 kt-accordion-has-11-panes kt-active-pane-0 kt-accordion-block kt-pane-header-alignment-left kt-accodion-icon-style-arrow kt-accodion-icon-side-right\" style=\"max-width:none\"><div class=\"kt-accordion-inner-wrap\" data-allow-multiple-open=\"false\" data-start-open=\"none\">\n<div class=\"wp-block-kadence-pane kt-accordion-pane kt-accordion-pane-1 kt-pane_2fc17f-7f\"><div class=\"kt-accordion-header-wrap\"><button class=\"kt-blocks-accordion-header kt-acccordion-button-label-show\"><span class=\"kt-blocks-accordion-title-wrap\"><span class=\"kt-blocks-accordion-title\">Is it possible to order international transport outside the European Union?<\/span><\/span><span class=\"kt-blocks-accordion-icon-trigger\"><\/span><\/button><\/div><div class=\"kt-accordion-panel kt-accordion-panel-hidden\"><div class=\"kt-accordion-panel-inner\">\n<p>For orders involving non-standard pallet shipping directions, please contact us to discuss the details.<\/p>\n<\/div><\/div><\/div>\n\n\n\n<div class=\"wp-block-kadence-pane kt-accordion-pane kt-accordion-pane-2 kt-pane_68d4c2-5f\"><div class=\"kt-accordion-header-wrap\"><button class=\"kt-blocks-accordion-header kt-acccordion-button-label-show\"><span class=\"kt-blocks-accordion-title-wrap\"><span class=\"kt-blocks-accordion-title\">Does TS-Gepard also handle national routes?<\/span><\/span><span class=\"kt-blocks-accordion-icon-trigger\"><\/span><\/button><\/div><div class=\"kt-accordion-panel kt-accordion-panel-hidden\"><div class=\"kt-accordion-panel-inner\">\n<p>Yes. Please contact us to discuss the details.<\/p>\n<\/div><\/div><\/div>\n\n\n\n<div class=\"wp-block-kadence-pane kt-accordion-pane kt-accordion-pane-3 kt-pane_77a07d-79\"><div class=\"kt-accordion-header-wrap\"><button class=\"kt-blocks-accordion-header kt-acccordion-button-label-show\"><span class=\"kt-blocks-accordion-title-wrap\"><span class=\"kt-blocks-accordion-title\">Can a private individual order international transport?<\/span><\/span><span class=\"kt-blocks-accordion-icon-trigger\"><\/span><\/button><\/div><div class=\"kt-accordion-panel kt-accordion-panel-hidden\"><div class=\"kt-accordion-panel-inner\">\n<p>No, we only work with companies and sole traders.<\/p>\n<\/div><\/div><\/div>\n\n\n\n<div class=\"wp-block-kadence-pane kt-accordion-pane kt-accordion-pane-4 kt-pane_b44a18-53\"><div class=\"kt-accordion-header-wrap\"><button class=\"kt-blocks-accordion-header kt-acccordion-button-label-show\"><span class=\"kt-blocks-accordion-title-wrap\"><span class=\"kt-blocks-accordion-title\">Can a foreign company order a pallet shipment?<\/span><\/span><span class=\"kt-blocks-accordion-icon-trigger\"><\/span><\/button><\/div><div class=\"kt-accordion-panel kt-accordion-panel-hidden\"><div class=\"kt-accordion-panel-inner\">\n<p>Yes, we work with Customers from all over Europe.<\/p>\n<\/div><\/div><\/div>\n\n\n\n<div class=\"wp-block-kadence-pane kt-accordion-pane kt-accordion-pane-5 kt-pane_36c0b1-77\"><div class=\"kt-accordion-header-wrap\"><button class=\"kt-blocks-accordion-header kt-acccordion-button-label-show\"><span class=\"kt-blocks-accordion-title-wrap\"><span class=\"kt-blocks-accordion-title\">Are the loads insured?<\/span><\/span><span class=\"kt-blocks-accordion-icon-trigger\"><\/span><\/button><\/div><div class=\"kt-accordion-panel kt-accordion-panel-hidden\"><div class=\"kt-accordion-panel-inner\">\n<p>Yes, of course, the shipment of pallets and the vehicles handling them are insured in accordance with the applicable law. Your cargo is covered by insurance from the moment it is taken over by us. Please contact the forwarding department if you would like to know the exact rates and scope of insurance for goods in international traffic.<\/p>\n<\/div><\/div><\/div>\n\n\n\n<div class=\"wp-block-kadence-pane kt-accordion-pane kt-accordion-pane-6 kt-pane_e075d0-1c\"><div class=\"kt-accordion-header-wrap\"><button class=\"kt-blocks-accordion-header kt-acccordion-button-label-show\"><span class=\"kt-blocks-accordion-title-wrap\"><span class=\"kt-blocks-accordion-title\">What amount of goods will fit into the semi-trailer?<\/span><\/span><span class=\"kt-blocks-accordion-icon-trigger\"><\/span><\/button><\/div><div class=\"kt-accordion-panel kt-accordion-panel-hidden\"><div class=\"kt-accordion-panel-inner\">\n<p>Semi-trailers have a load capacity of 13.6 metres in width and dimensions: 13.6 x 2.45 x 2.75 m (length x width x height).<\/p>\n<\/div><\/div><\/div>\n\n\n\n<div class=\"wp-block-kadence-pane kt-accordion-pane kt-accordion-pane-7 kt-pane_848686-85\"><div class=\"kt-accordion-header-wrap\"><button class=\"kt-blocks-accordion-header kt-acccordion-button-label-show\"><span class=\"kt-blocks-accordion-title-wrap\"><span class=\"kt-blocks-accordion-title\">How is the payload of a semi-trailer expressed in terms of the number of Euro pallets?<\/span><\/span><span class=\"kt-blocks-accordion-icon-trigger\"><\/span><\/button><\/div><div class=\"kt-accordion-panel kt-accordion-panel-hidden\"><div class=\"kt-accordion-panel-inner\">\n<p>It is assumed that a maximum of 3.3 Euro pallets can go on one semi-trailer, assuming that the goods will not protrude beyond the pallet outline and that the pallet has standard dimensions.<\/p>\n<\/div><\/div><\/div>\n\n\n\n<div class=\"wp-block-kadence-pane kt-accordion-pane kt-accordion-pane-8 kt-pane_108c87-51\"><div class=\"kt-accordion-header-wrap\"><button class=\"kt-blocks-accordion-header kt-acccordion-button-label-show\"><span class=\"kt-blocks-accordion-title-wrap\"><span class=\"kt-blocks-accordion-title\">Can I request a transport quote?<\/span><\/span><span class=\"kt-blocks-accordion-icon-trigger\"><\/span><\/button><\/div><div class=\"kt-accordion-panel kt-accordion-panel-hidden\"><div class=\"kt-accordion-panel-inner\">\n<p>Yes, of course, there is a form on the website through which you can request an initial quote. If you need more details, please contact our forwarding agent immediately. Based on the type of goods, the route and the selected date, as well as the data on the current loading plans, the forwarding agent will prepare an optimal quote.<\/p>\n<\/div><\/div><\/div>\n\n\n\n<div class=\"wp-block-kadence-pane kt-accordion-pane kt-accordion-pane-9 kt-pane_034736-67\"><div class=\"kt-accordion-header-wrap\"><button class=\"kt-blocks-accordion-header kt-acccordion-button-label-show\"><span class=\"kt-blocks-accordion-title-wrap\"><span class=\"kt-blocks-accordion-title\">Do you issue CMR?<\/span><\/span><span class=\"kt-blocks-accordion-icon-trigger\"><\/span><\/button><\/div><div class=\"kt-accordion-panel kt-accordion-panel-hidden\"><div class=\"kt-accordion-panel-inner\">\n<p>Yes, in accordance with the Convention on the Contract for the International Carriage of Goods by Road, we issue a standard consignment note (CMR) in accordance with the International Road Transport Union (IRU) format. We issue 3 copies of the CMR in three languages. These serve as the transport document valid in case of an inspection.<\/p>\n<\/div><\/div><\/div>\n\n\n\n<div class=\"wp-block-kadence-pane kt-accordion-pane kt-accordion-pane-10 kt-pane_bded9a-dc\"><div class=\"kt-accordion-header-wrap\"><button class=\"kt-blocks-accordion-header kt-acccordion-button-label-show\"><span class=\"kt-blocks-accordion-title-wrap\"><span class=\"kt-blocks-accordion-title\">How can I start working with TS-Gepard?<\/span><\/span><span class=\"kt-blocks-accordion-icon-trigger\"><\/span><\/button><\/div><div class=\"kt-accordion-panel kt-accordion-panel-hidden\"><div class=\"kt-accordion-panel-inner\">\n<p>Visit the Career section if you are looking for a job as a C E driver or forwarding agent If you would like to order transport of goods, please visit the Contact section. Our offer for carriers can be found <a href=\"https:\/\/ts-gepard.com\/en\/dla-przewoznikow\/\" data-type=\"page\" data-id=\"18\"><strong><mark style=\"background-color:rgba(0, 0, 0, 0)\" class=\"has-inline-color has-primary-color\">here<\/mark><\/strong><\/a>.<\/p>\n<\/div><\/div><\/div>\n\n\n\n<div class=\"wp-block-kadence-pane kt-accordion-pane kt-accordion-pane-11 kt-pane_24daa2-75\"><div class=\"kt-accordion-header-wrap\"><button class=\"kt-blocks-accordion-header kt-acccordion-button-label-show\"><span class=\"kt-blocks-accordion-title-wrap\"><span class=\"kt-blocks-accordion-title\">How do I prepare my CV?<\/span><\/span><span class=\"kt-blocks-accordion-icon-trigger\"><\/span><\/button><\/div><div class=\"kt-accordion-panel kt-accordion-panel-hidden\"><div class=\"kt-accordion-panel-inner\">\n<p>Before sending your CV, make sure that it contains up-to-date, complete information about your work experience related to transport and logistics. Include the names of your employers and dates of employment. Don\u2019t forget to leave your contact details.<\/p>\n<\/div><\/div><\/div>\n<\/div><\/div><\/div>\n<\/div>","protected":false},"excerpt":{"rendered":"<p>Do you have a question about TS-Gepard\u2019s international transport and pallet shipping activities? If you do not find an answer below, please feel free to contact us by e-mail or telephone.<\/p>","protected":false},"author":1,"featured_media":0,"parent":0,"menu_order":0,"comment_status":"closed","ping_status":"closed","template":"","meta":{"footnotes":""},"class_list":["post-46","page","type-page","status-publish","hentry"],"yoast_head":"<!-- This site is optimized with the Yoast SEO plugin v27.3 - https:\/\/yoast.com\/product\/yoast-seo-wordpress\/ -->\n<title>FAQ - TS-Gepard<\/title>\n<meta name=\"robots\" content=\"index, follow, max-snippet:-1, max-image-preview:large, max-video-preview:-1\" \/>\n<link rel=\"canonical\" href=\"https:\/\/ts-gepard.com\/en\/faq\/\" \/>\n<meta property=\"og:locale\" content=\"en_GB\" \/>\n<meta property=\"og:type\" content=\"article\" \/>\n<meta property=\"og:title\" content=\"FAQ - TS-Gepard\" \/>\n<meta property=\"og:description\" content=\"Masz pytanie o dzia\u0142alno\u015b\u0107 TS-Gepard w zakresie transportu mi\u0119dzynarodowego i wysy\u0142ki palet? Je\u015bli nie znajdziesz odpowiedzi poni\u017cej, zapraszamy do kontaktu drog\u0105 mailow\u0105 lub telefoniczn\u0105.\" \/>\n<meta property=\"og:url\" content=\"https:\/\/ts-gepard.com\/en\/faq\/\" \/>\n<meta property=\"og:site_name\" content=\"TS-Gepard\" \/>\n<meta property=\"article:modified_time\" content=\"2022-09-30T11:11:16+00:00\" \/>\n<meta name=\"twitter:card\" content=\"summary_large_image\" \/>\n<meta name=\"twitter:label1\" content=\"Estimated reading time\" \/>\n\t<meta name=\"twitter:data1\" content=\"2 minutes\" \/>\n<script type=\"application\/ld+json\" class=\"yoast-schema-graph\">{\"@context\":\"https:\\\/\\\/schema.org\",\"@graph\":[{\"@type\":\"WebPage\",\"@id\":\"https:\\\/\\\/ts-gepard.com\\\/en\\\/faq\\\/\",\"url\":\"https:\\\/\\\/ts-gepard.com\\\/en\\\/faq\\\/\",\"name\":\"FAQ - TS-Gepard\",\"isPartOf\":{\"@id\":\"https:\\\/\\\/ts-gepard.com\\\/en\\\/#website\"},\"datePublished\":\"2022-09-19T10:31:50+00:00\",\"dateModified\":\"2022-09-30T11:11:16+00:00\",\"breadcrumb\":{\"@id\":\"https:\\\/\\\/ts-gepard.com\\\/en\\\/faq\\\/#breadcrumb\"},\"inLanguage\":\"en-GB\",\"potentialAction\":[{\"@type\":\"ReadAction\",\"target\":[\"https:\\\/\\\/ts-gepard.com\\\/en\\\/faq\\\/\"]}]},{\"@type\":\"BreadcrumbList\",\"@id\":\"https:\\\/\\\/ts-gepard.com\\\/en\\\/faq\\\/#breadcrumb\",\"itemListElement\":[{\"@type\":\"ListItem\",\"position\":1,\"name\":\"Strona g\u0142\u00f3wna\",\"item\":\"https:\\\/\\\/ts-gepard.com\\\/\"},{\"@type\":\"ListItem\",\"position\":2,\"name\":\"FAQ\"}]},{\"@type\":\"WebSite\",\"@id\":\"https:\\\/\\\/ts-gepard.com\\\/en\\\/#website\",\"url\":\"https:\\\/\\\/ts-gepard.com\\\/en\\\/\",\"name\":\"TS-Gepard\",\"description\":\"Szybko\u015b\u0107 geparda w cenie\",\"publisher\":{\"@id\":\"https:\\\/\\\/ts-gepard.com\\\/en\\\/#organization\"},\"potentialAction\":[{\"@type\":\"SearchAction\",\"target\":{\"@type\":\"EntryPoint\",\"urlTemplate\":\"https:\\\/\\\/ts-gepard.com\\\/en\\\/?s={search_term_string}\"},\"query-input\":{\"@type\":\"PropertyValueSpecification\",\"valueRequired\":true,\"valueName\":\"search_term_string\"}}],\"inLanguage\":\"en-GB\"},{\"@type\":\"Organization\",\"@id\":\"https:\\\/\\\/ts-gepard.com\\\/en\\\/#organization\",\"name\":\"TS-Gepard\",\"url\":\"https:\\\/\\\/ts-gepard.com\\\/en\\\/\",\"logo\":{\"@type\":\"ImageObject\",\"inLanguage\":\"en-GB\",\"@id\":\"https:\\\/\\\/ts-gepard.com\\\/en\\\/#\\\/schema\\\/logo\\\/image\\\/\",\"url\":\"https:\\\/\\\/ts-gepard.com\\\/wp-content\\\/uploads\\\/2022\\\/09\\\/TS-Gepard_logo_white.png\",\"contentUrl\":\"https:\\\/\\\/ts-gepard.com\\\/wp-content\\\/uploads\\\/2022\\\/09\\\/TS-Gepard_logo_white.png\",\"width\":400,\"height\":177,\"caption\":\"TS-Gepard\"},\"image\":{\"@id\":\"https:\\\/\\\/ts-gepard.com\\\/en\\\/#\\\/schema\\\/logo\\\/image\\\/\"}}]}<\/script>\n<!-- \/ Yoast SEO plugin. -->","yoast_head_json":{"title":"FAQ - TS-Gepard","robots":{"index":"index","follow":"follow","max-snippet":"max-snippet:-1","max-image-preview":"max-image-preview:large","max-video-preview":"max-video-preview:-1"},"canonical":"https:\/\/ts-gepard.com\/en\/faq\/","og_locale":"en_GB","og_type":"article","og_title":"FAQ - TS-Gepard","og_description":"Masz pytanie o dzia\u0142alno\u015b\u0107 TS-Gepard w zakresie transportu mi\u0119dzynarodowego i wysy\u0142ki palet? Je\u015bli nie znajdziesz odpowiedzi poni\u017cej, zapraszamy do kontaktu drog\u0105 mailow\u0105 lub telefoniczn\u0105.","og_url":"https:\/\/ts-gepard.com\/en\/faq\/","og_site_name":"TS-Gepard","article_modified_time":"2022-09-30T11:11:16+00:00","twitter_card":"summary_large_image","twitter_misc":{"Estimated reading time":"2 minutes"},"schema":{"@context":"https:\/\/schema.org","@graph":[{"@type":"WebPage","@id":"https:\/\/ts-gepard.com\/en\/faq\/","url":"https:\/\/ts-gepard.com\/en\/faq\/","name":"FAQ - TS-Gepard","isPartOf":{"@id":"https:\/\/ts-gepard.com\/en\/#website"},"datePublished":"2022-09-19T10:31:50+00:00","dateModified":"2022-09-30T11:11:16+00:00","breadcrumb":{"@id":"https:\/\/ts-gepard.com\/en\/faq\/#breadcrumb"},"inLanguage":"en-GB","potentialAction":[{"@type":"ReadAction","target":["https:\/\/ts-gepard.com\/en\/faq\/"]}]},{"@type":"BreadcrumbList","@id":"https:\/\/ts-gepard.com\/en\/faq\/#breadcrumb","itemListElement":[{"@type":"ListItem","position":1,"name":"Strona g\u0142\u00f3wna","item":"https:\/\/ts-gepard.com\/"},{"@type":"ListItem","position":2,"name":"FAQ"}]},{"@type":"WebSite","@id":"https:\/\/ts-gepard.com\/en\/#website","url":"https:\/\/ts-gepard.com\/en\/","name":"TS-Gepard","description":"Szybko\u015b\u0107 geparda w cenie","publisher":{"@id":"https:\/\/ts-gepard.com\/en\/#organization"},"potentialAction":[{"@type":"SearchAction","target":{"@type":"EntryPoint","urlTemplate":"https:\/\/ts-gepard.com\/en\/?s={search_term_string}"},"query-input":{"@type":"PropertyValueSpecification","valueRequired":true,"valueName":"search_term_string"}}],"inLanguage":"en-GB"},{"@type":"Organization","@id":"https:\/\/ts-gepard.com\/en\/#organization","name":"TS-Gepard","url":"https:\/\/ts-gepard.com\/en\/","logo":{"@type":"ImageObject","inLanguage":"en-GB","@id":"https:\/\/ts-gepard.com\/en\/#\/schema\/logo\/image\/","url":"https:\/\/ts-gepard.com\/wp-content\/uploads\/2022\/09\/TS-Gepard_logo_white.png","contentUrl":"https:\/\/ts-gepard.com\/wp-content\/uploads\/2022\/09\/TS-Gepard_logo_white.png","width":400,"height":177,"caption":"TS-Gepard"},"image":{"@id":"https:\/\/ts-gepard.com\/en\/#\/schema\/logo\/image\/"}}]}},"_links":{"self":[{"href":"https:\/\/ts-gepard.com\/en\/wp-json\/wp\/v2\/pages\/46","targetHints":{"allow":["GET"]}}],"collection":[{"href":"https:\/\/ts-gepard.com\/en\/wp-json\/wp\/v2\/pages"}],"about":[{"href":"https:\/\/ts-gepard.com\/en\/wp-json\/wp\/v2\/types\/page"}],"author":[{"embeddable":true,"href":"https:\/\/ts-gepard.com\/en\/wp-json\/wp\/v2\/users\/1"}],"replies":[{"embeddable":true,"href":"https:\/\/ts-gepard.com\/en\/wp-json\/wp\/v2\/comments?post=46"}],"version-history":[{"count":13,"href":"https:\/\/ts-gepard.com\/en\/wp-json\/wp\/v2\/pages\/46\/revisions"}],"predecessor-version":[{"id":430,"href":"https:\/\/ts-gepard.com\/en\/wp-json\/wp\/v2\/pages\/46\/revisions\/430"}],"wp:attachment":[{"href":"https:\/\/ts-gepard.com\/en\/wp-json\/wp\/v2\/media?parent=46"}],"curies":[{"name":"wp","href":"https:\/\/api.w.org\/{rel}","templated":true}]}}