{"id":18,"date":"2022-09-19T12:02:17","date_gmt":"2022-09-19T10:02:17","guid":{"rendered":"https:\/\/ts-gepard.com\/?page_id=18"},"modified":"2022-12-15T11:10:48","modified_gmt":"2022-12-15T10:10:48","slug":"dla-przewoznikow","status":"publish","type":"page","link":"https:\/\/ts-gepard.com\/en\/dla-przewoznikow\/","title":{"rendered":"For the carrier"},"content":{"rendered":"\n<div class=\"wp-block-group is-layout-constrained wp-block-group-is-layout-constrained\">\n<div class=\"wp-block-cover alignfull\" style=\"min-height:100vh;aspect-ratio:unset;\"><span aria-hidden=\"true\" class=\"wp-block-cover__background has-background-dim-30 has-background-dim\"><\/span><img loading=\"lazy\" decoding=\"async\" width=\"1920\" height=\"1196\" src=\"https:\/\/ts-gepard.com\/wp-content\/uploads\/2022\/09\/Witamy_w_GEPARD_Transport_web.jpg\" class=\"wp-block-cover__image-background wp-post-image\" alt=\"\" data-object-fit=\"cover\" srcset=\"https:\/\/ts-gepard.com\/wp-content\/uploads\/2022\/09\/Witamy_w_GEPARD_Transport_web.jpg 1920w, https:\/\/ts-gepard.com\/wp-content\/uploads\/2022\/09\/Witamy_w_GEPARD_Transport_web-300x187.jpg 300w, https:\/\/ts-gepard.com\/wp-content\/uploads\/2022\/09\/Witamy_w_GEPARD_Transport_web-1024x638.jpg 1024w, https:\/\/ts-gepard.com\/wp-content\/uploads\/2022\/09\/Witamy_w_GEPARD_Transport_web-768x478.jpg 768w, https:\/\/ts-gepard.com\/wp-content\/uploads\/2022\/09\/Witamy_w_GEPARD_Transport_web-1536x957.jpg 1536w\" sizes=\"auto, (max-width: 1920px) 100vw, 1920px\" \/><div class=\"wp-block-cover__inner-container is-layout-flow wp-block-cover-is-layout-flow\">\n<div class=\"wp-block-group gfxlab-a-fadeInBottom is-layout-flow wp-block-group-is-layout-flow\">\n<p class=\"has-text-align-center has-background-color has-text-color\" style=\"font-size:9rem;font-style:normal;font-weight:900;line-height:1.1\">Zapraszamy do wsp\u00f3\u0142pracy<\/p>\n<\/div>\n<\/div><\/div>\n<\/div>\n\n\n\n<div class=\"wp-block-group is-layout-constrained wp-container-core-group-is-layout-80b91189 wp-block-group-is-layout-constrained\" style=\"padding-top:5rem;padding-right:0rem;padding-bottom:5rem;padding-left:0rem\">\n<h1 class=\"alignwide gfxlab-a-fadeInLeft has-primary-color has-text-color has-huge-font-size wp-block-heading\">DLA PRZEWO\u0179NIK\u00d3W<\/h1>\n\n\n\n<p class=\"gfxlab-a-fadeInBottom has-medium-font-size\" style=\"font-style:normal;font-weight:600\">Zapraszamy przewo\u017anik\u00f3w do&nbsp;sta\u0142ej wsp\u00f3\u0142pracy na&nbsp;trasach mi\u0119dzynarodowych. Istnieje mo\u017cliwo\u015b\u0107 nawi\u0105zania stabilnych i&nbsp;d\u0142ugoterminowych relacji lub&nbsp;pojedynczych zlece\u0144 na&nbsp;prowadzenie pojazd\u00f3w typu firana 13,6 na&nbsp;przerzutach po&nbsp;krajach Unii Europejskiej.<\/p>\n\n\n\n<p class=\"gfxlab-a-fadeInBottom has-medium-font-size\" style=\"font-style:normal;font-weight:600\">Oferujemy:<\/p>\n\n\n\n<div class=\"wp-block-group gfxlab-a-fadeInRight gfxlab-a-d2 is-layout-flow wp-container-core-group-is-layout-7cdec68f wp-block-group-is-layout-flow\" style=\"margin-bottom:8rem\">\n<div class=\"wp-block-group is-nowrap is-layout-flex wp-container-core-group-is-layout-6c531013 wp-block-group-is-layout-flex\">\n<div class=\"wp-block-outermost-icon-block\"><div class=\"icon-container has-icon-color rotate-90\" style=\"color:#ff5e15;width:20px\"><svg xmlns=\"http:\/\/www.w3.org\/2000\/svg\" viewBox=\"0 0 320 512\"><path d=\"M182.6 137.4c-12.5-12.5-32.8-12.5-45.3 0l-128 128c-9.2 9.2-11.9 22.9-6.9 34.9s16.6 19.8 29.6 19.8H288c12.9 0 24.6-7.8 29.6-19.8s2.2-25.7-6.9-34.9l-128-128z\"><\/path><\/svg><\/div><\/div>\n\n\n\n<p style=\"line-height:1\">Prowadzenie aut na&nbsp;trasach mi\u0119dzynarodowych z&nbsp;gwarancj\u0105 powrotu do&nbsp;PL<\/p>\n<\/div>\n\n\n\n<div class=\"wp-block-group is-nowrap is-layout-flex wp-container-core-group-is-layout-6c531013 wp-block-group-is-layout-flex\">\n<div class=\"wp-block-outermost-icon-block\"><div class=\"icon-container has-icon-color rotate-90\" style=\"color:#ff5e15;width:20px\"><svg xmlns=\"http:\/\/www.w3.org\/2000\/svg\" viewBox=\"0 0 320 512\"><path d=\"M182.6 137.4c-12.5-12.5-32.8-12.5-45.3 0l-128 128c-9.2 9.2-11.9 22.9-6.9 34.9s16.6 19.8 29.6 19.8H288c12.9 0 24.6-7.8 29.6-19.8s2.2-25.7-6.9-34.9l-128-128z\"><\/path><\/svg><\/div><\/div>\n\n\n\n<p style=\"line-height:1\">P\u0142atno\u015b\u0107 za&nbsp;ka\u017cdy kilometr (pe\u0142no-pusto)<\/p>\n<\/div>\n\n\n\n<div class=\"wp-block-group is-nowrap is-layout-flex wp-container-core-group-is-layout-6c531013 wp-block-group-is-layout-flex\">\n<div class=\"wp-block-outermost-icon-block\"><div class=\"icon-container has-icon-color rotate-90\" style=\"color:#ff5e15;width:20px\"><svg xmlns=\"http:\/\/www.w3.org\/2000\/svg\" viewBox=\"0 0 320 512\"><path d=\"M182.6 137.4c-12.5-12.5-32.8-12.5-45.3 0l-128 128c-9.2 9.2-11.9 22.9-6.9 34.9s16.6 19.8 29.6 19.8H288c12.9 0 24.6-7.8 29.6-19.8s2.2-25.7-6.9-34.9l-128-128z\"><\/path><\/svg><\/div><\/div>\n\n\n\n<p style=\"line-height:1\">Gwarantowane przebiegi i&nbsp;optymalizacja tras<\/p>\n<\/div>\n\n\n\n<div class=\"wp-block-group is-nowrap is-layout-flex wp-container-core-group-is-layout-6c531013 wp-block-group-is-layout-flex\">\n<div class=\"wp-block-outermost-icon-block\"><div class=\"icon-container has-icon-color rotate-90\" style=\"color:#ff5e15;width:20px\"><svg xmlns=\"http:\/\/www.w3.org\/2000\/svg\" viewBox=\"0 0 320 512\"><path d=\"M182.6 137.4c-12.5-12.5-32.8-12.5-45.3 0l-128 128c-9.2 9.2-11.9 22.9-6.9 34.9s16.6 19.8 29.6 19.8H288c12.9 0 24.6-7.8 29.6-19.8s2.2-25.7-6.9-34.9l-128-128z\"><\/path><\/svg><\/div><\/div>\n\n\n\n<p style=\"line-height:1\">Sta\u0142y nadz\u00f3r Centrum Obs\u0142ugi Logistycznej (dedykowany spedytor)<\/p>\n<\/div>\n<\/div>\n\n\n\n<p class=\"gfxlab-a-fadeInLeft has-medium-font-size\" style=\"font-style:normal;font-weight:600\">Zostaw nam wiadomo\u015b\u0107, a w ci\u0105gu 24h wr\u00f3cimy do Ciebie z odpowiedzi\u0105.<br>Mo\u017cesz r\u00f3wnie\u017c skontaktowa\u0107 si\u0119 z nami bezpo\u015brednio pod numerem <a href=\"tel:+48585005337\"><mark style=\"background-color:rgba(0, 0, 0, 0)\" class=\"has-inline-color has-primary-color\">+48 58&nbsp;500 53 37<\/mark><\/a><\/p>\n<\/div>\n\n\n\n<div class=\"wp-block-group is-layout-flow wp-block-group-is-layout-flow\" style=\"padding-top:5rem;padding-bottom:5rem\">\n<p class=\"has-large-font-size\" style=\"font-style:normal;font-weight:500\">FORMULARZ KONTAKTOWY<\/p>\n\n\n<div class='fluentform ff-default fluentform_wrapper_3  ff_guten_block ff_guten_block-3 ffs_default_wrap'><form data-form_id=\"3\" id=\"fluentform_3\" class=\"frm-fluent-form fluent_form_3 ff-el-form-top ff_form_instance_3_1 ff-form-loading ff_has_v3_recptcha ffs_default\" data-form_instance=\"ff_form_instance_3_1\" method=\"POST\" data-recptcha_key=\"6LeKy0MiAAAAAMyhgWMMDQSveta5YSuvCKQgpptr\" ><fieldset  style=\"border: none!important;margin: 0!important;padding: 0!important;background-color: transparent!important;box-shadow: none!important;outline: none!important; min-inline-size: 100%;\">\n                    <legend class=\"ff_screen_reader_title\" style=\"display: block; margin: 0!important;padding: 0!important;height: 0!important;text-indent: -999999px;width: 0!important;overflow:hidden;\">Formularz kontaktowy<\/legend><input type='hidden' name='__fluent_form_embded_post_id' value='18' \/><input type=\"hidden\" id=\"_fluentform_3_fluentformnonce\" name=\"_fluentform_3_fluentformnonce\" value=\"4a5ceec079\" \/><input type=\"hidden\" name=\"_wp_http_referer\" value=\"\/en\/wp-json\/wp\/v2\/pages\/18\" \/><div data-type=\"name-element\" data-name=\"names\" class=\" ff-field_container ff-name-field-wrapper\" ><div class='ff-t-container'><div class='ff-t-cell '><div class='ff-el-group  ff-el-form-top'><div class=\"ff-el-input--label ff-el-is-required asterisk-right\"><label for='ff_3_names_first_name_' id='label_ff_3_names_first_name_' >Imi\u0119 i nazwisko<\/label><\/div><div class='ff-el-input--content'><input type=\"text\" name=\"names[first_name]\" id=\"ff_3_names_first_name_\" class=\"ff-el-form-control\" placeholder=\"Imi\u0119 Nazwisko\" aria-invalid=\"false\" aria-required=true><\/div><\/div><\/div><\/div><\/div><div class='ff-el-group'><div class=\"ff-el-input--label asterisk-right\"><label for='ff_3_input_text_1' id='label_ff_3_input_text_1' aria-label=\"Nazwa firmy\">Nazwa firmy<\/label><\/div><div class='ff-el-input--content'><input type=\"text\" name=\"input_text_1\" class=\"ff-el-form-control\" data-name=\"input_text_1\" id=\"ff_3_input_text_1\"  aria-invalid=\"false\" aria-required=false><\/div><\/div><div class='ff-el-group'><div class=\"ff-el-input--label asterisk-right\"><label for='ff_3_input_text' id='label_ff_3_input_text' aria-label=\"Telefon\">Telefon<\/label><\/div><div class='ff-el-input--content'><input type=\"text\" name=\"input_text\" class=\"ff-el-form-control\" data-name=\"input_text\" id=\"ff_3_input_text\"  aria-invalid=\"false\" aria-required=false><\/div><\/div><div class='ff-el-group'><div class=\"ff-el-input--label ff-el-is-required asterisk-right\"><label for='ff_3_email' id='label_ff_3_email' aria-label=\"E-mail\">E-mail<\/label><\/div><div class='ff-el-input--content'><input type=\"email\" name=\"email\" id=\"ff_3_email\" class=\"ff-el-form-control\" placeholder=\"E-mail\" data-name=\"email\"  aria-invalid=\"false\" aria-required=true><\/div><\/div><div class='ff-el-group'><div class=\"ff-el-input--label ff-el-is-required asterisk-right\"><label for='ff_3_message_content' id='label_ff_3_message_content' aria-label=\"Tre\u015b\u0107 wiadomo\u015bci\">Tre\u015b\u0107 wiadomo\u015bci<\/label><\/div><div class='ff-el-input--content'><textarea aria-required=\"true\" aria-labelledby=\"label_ff_3_message_content\" name=\"message_content\" id=\"ff_3_message_content\" class=\"ff-el-form-control\" rows=\"5\" cols=\"2\" maxlength=\"1000\" data-name=\"message_content\" ><\/textarea><\/div><\/div><div class='ff-el-group ff-text-center ff_submit_btn_wrapper'><button type=\"submit\" class=\"ff-btn ff-btn-submit ff-btn-md ff_btn_style\"  aria-label=\"WY\u015aLIJ\">WY\u015aLIJ<\/button><\/div><\/fieldset><\/form><div id='fluentform_3_errors' class='ff-errors-in-stack ff_form_instance_3_1 ff-form-loading_errors ff_form_instance_3_1_errors'><\/div><\/div>            <script type=\"text\/javascript\">\n                window.fluent_form_ff_form_instance_3_1 = {\"id\":\"3\",\"settings\":{\"layout\":{\"labelPlacement\":\"top\",\"helpMessagePlacement\":\"with_label\",\"errorMessagePlacement\":\"inline\",\"cssClassName\":\"\",\"asteriskPlacement\":\"asterisk-right\"},\"restrictions\":{\"denyEmptySubmission\":{\"enabled\":false}}},\"form_instance\":\"ff_form_instance_3_1\",\"form_id_selector\":\"fluentform_3\",\"rules\":{\"names[first_name]\":{\"required\":{\"value\":true,\"message\":\"To pole jest wymagane\"}},\"names[middle_name]\":{\"required\":{\"value\":false,\"message\":\"This field is required\"}},\"names[last_name]\":{\"required\":{\"value\":false,\"message\":\"This field is required\"}},\"input_text_1\":{\"required\":{\"value\":false,\"message\":\"This field is required\"}},\"input_text\":{\"required\":{\"value\":false,\"message\":\"This field is required\"}},\"email\":{\"required\":{\"value\":true,\"message\":\"To pole jest wymagane\"},\"email\":{\"value\":true,\"message\":\"This field must contain a valid email\"}},\"message_content\":{\"required\":{\"value\":true,\"message\":\"To pole jest wymagane\"}},\"g-recaptcha-response\":[]},\"debounce_time\":300};\n                            <\/script>\n            <\/div>\n","protected":false},"excerpt":{"rendered":"<p>DLA PRZEWO\u0179NIK\u00d3W Zapraszamy przewo\u017anik\u00f3w do&nbsp;sta\u0142ej wsp\u00f3\u0142pracy na&nbsp;trasach mi\u0119dzynarodowych. Istnieje mo\u017cliwo\u015b\u0107 nawi\u0105zania stabilnych i&nbsp;d\u0142ugoterminowych relacji lub&nbsp;pojedynczych zlece\u0144 na&nbsp;prowadzenie pojazd\u00f3w typu firana 13,6 na&nbsp;przerzutach po&nbsp;krajach Unii Europejskiej. Oferujemy: Prowadzenie aut na&nbsp;trasach mi\u0119dzynarodowych z&nbsp;gwarancj\u0105 powrotu do&nbsp;PL P\u0142atno\u015b\u0107 za&nbsp;ka\u017cdy kilometr (pe\u0142no-pusto) Gwarantowane przebiegi i&nbsp;optymalizacja tras Sta\u0142y nadz\u00f3r Centrum Obs\u0142ugi Logistycznej (dedykowany spedytor) Zostaw nam wiadomo\u015b\u0107, a w ci\u0105gu 24h [&hellip;]<\/p>\n","protected":false},"author":1,"featured_media":89,"parent":0,"menu_order":0,"comment_status":"closed","ping_status":"closed","template":"","meta":{"footnotes":""},"class_list":["post-18","page","type-page","status-publish","has-post-thumbnail","hentry"],"yoast_head":"<!-- This site is optimized with the Yoast SEO plugin v27.3 - https:\/\/yoast.com\/product\/yoast-seo-wordpress\/ -->\n<title>Dla przewo\u017anik\u00f3w - TS-Gepard<\/title>\n<meta name=\"robots\" content=\"index, follow, max-snippet:-1, max-image-preview:large, max-video-preview:-1\" \/>\n<link rel=\"canonical\" href=\"https:\/\/ts-gepard.com\/en\/dla-przewoznikow\/\" \/>\n<meta property=\"og:locale\" content=\"en_GB\" \/>\n<meta property=\"og:type\" content=\"article\" \/>\n<meta property=\"og:title\" content=\"Dla przewo\u017anik\u00f3w - TS-Gepard\" \/>\n<meta property=\"og:description\" content=\"DLA PRZEWO\u0179NIK\u00d3W Zapraszamy przewo\u017anik\u00f3w do&nbsp;sta\u0142ej wsp\u00f3\u0142pracy na&nbsp;trasach mi\u0119dzynarodowych. Istnieje mo\u017cliwo\u015b\u0107 nawi\u0105zania stabilnych i&nbsp;d\u0142ugoterminowych relacji lub&nbsp;pojedynczych zlece\u0144 na&nbsp;prowadzenie pojazd\u00f3w typu firana 13,6 na&nbsp;przerzutach po&nbsp;krajach Unii Europejskiej. Oferujemy: Prowadzenie aut na&nbsp;trasach mi\u0119dzynarodowych z&nbsp;gwarancj\u0105 powrotu do&nbsp;PL P\u0142atno\u015b\u0107 za&nbsp;ka\u017cdy kilometr (pe\u0142no-pusto) Gwarantowane przebiegi i&nbsp;optymalizacja tras Sta\u0142y nadz\u00f3r Centrum Obs\u0142ugi Logistycznej (dedykowany spedytor) Zostaw nam wiadomo\u015b\u0107, a w ci\u0105gu 24h [&hellip;]\" \/>\n<meta property=\"og:url\" content=\"https:\/\/ts-gepard.com\/en\/dla-przewoznikow\/\" \/>\n<meta property=\"og:site_name\" content=\"TS-Gepard\" \/>\n<meta property=\"article:modified_time\" content=\"2022-12-15T10:10:48+00:00\" \/>\n<meta property=\"og:image\" content=\"https:\/\/ts-gepard.com\/wp-content\/uploads\/2022\/09\/Witamy_w_GEPARD_Transport_web.jpg\" \/>\n\t<meta property=\"og:image:width\" content=\"1920\" \/>\n\t<meta property=\"og:image:height\" content=\"1196\" \/>\n\t<meta property=\"og:image:type\" content=\"image\/jpeg\" \/>\n<meta name=\"twitter:card\" content=\"summary_large_image\" \/>\n<meta name=\"twitter:label1\" content=\"Estimated reading time\" \/>\n\t<meta name=\"twitter:data1\" content=\"1 minute\" \/>\n<script type=\"application\/ld+json\" class=\"yoast-schema-graph\">{\"@context\":\"https:\\\/\\\/schema.org\",\"@graph\":[{\"@type\":\"WebPage\",\"@id\":\"https:\\\/\\\/ts-gepard.com\\\/dla-przewoznikow\\\/\",\"url\":\"https:\\\/\\\/ts-gepard.com\\\/dla-przewoznikow\\\/\",\"name\":\"Dla przewo\u017anik\u00f3w - TS-Gepard\",\"isPartOf\":{\"@id\":\"https:\\\/\\\/ts-gepard.com\\\/en\\\/#website\"},\"primaryImageOfPage\":{\"@id\":\"https:\\\/\\\/ts-gepard.com\\\/dla-przewoznikow\\\/#primaryimage\"},\"image\":{\"@id\":\"https:\\\/\\\/ts-gepard.com\\\/dla-przewoznikow\\\/#primaryimage\"},\"thumbnailUrl\":\"https:\\\/\\\/ts-gepard.com\\\/wp-content\\\/uploads\\\/2022\\\/09\\\/Witamy_w_GEPARD_Transport_web.jpg\",\"datePublished\":\"2022-09-19T10:02:17+00:00\",\"dateModified\":\"2022-12-15T10:10:48+00:00\",\"breadcrumb\":{\"@id\":\"https:\\\/\\\/ts-gepard.com\\\/dla-przewoznikow\\\/#breadcrumb\"},\"inLanguage\":\"en-GB\",\"potentialAction\":[{\"@type\":\"ReadAction\",\"target\":[\"https:\\\/\\\/ts-gepard.com\\\/dla-przewoznikow\\\/\"]}]},{\"@type\":\"ImageObject\",\"inLanguage\":\"en-GB\",\"@id\":\"https:\\\/\\\/ts-gepard.com\\\/dla-przewoznikow\\\/#primaryimage\",\"url\":\"https:\\\/\\\/ts-gepard.com\\\/wp-content\\\/uploads\\\/2022\\\/09\\\/Witamy_w_GEPARD_Transport_web.jpg\",\"contentUrl\":\"https:\\\/\\\/ts-gepard.com\\\/wp-content\\\/uploads\\\/2022\\\/09\\\/Witamy_w_GEPARD_Transport_web.jpg\",\"width\":1920,\"height\":1196},{\"@type\":\"BreadcrumbList\",\"@id\":\"https:\\\/\\\/ts-gepard.com\\\/dla-przewoznikow\\\/#breadcrumb\",\"itemListElement\":[{\"@type\":\"ListItem\",\"position\":1,\"name\":\"Strona g\u0142\u00f3wna\",\"item\":\"https:\\\/\\\/ts-gepard.com\\\/\"},{\"@type\":\"ListItem\",\"position\":2,\"name\":\"Dla przewo\u017anik\u00f3w\"}]},{\"@type\":\"WebSite\",\"@id\":\"https:\\\/\\\/ts-gepard.com\\\/en\\\/#website\",\"url\":\"https:\\\/\\\/ts-gepard.com\\\/en\\\/\",\"name\":\"TS-Gepard\",\"description\":\"Szybko\u015b\u0107 geparda w cenie\",\"publisher\":{\"@id\":\"https:\\\/\\\/ts-gepard.com\\\/en\\\/#organization\"},\"potentialAction\":[{\"@type\":\"SearchAction\",\"target\":{\"@type\":\"EntryPoint\",\"urlTemplate\":\"https:\\\/\\\/ts-gepard.com\\\/en\\\/?s={search_term_string}\"},\"query-input\":{\"@type\":\"PropertyValueSpecification\",\"valueRequired\":true,\"valueName\":\"search_term_string\"}}],\"inLanguage\":\"en-GB\"},{\"@type\":\"Organization\",\"@id\":\"https:\\\/\\\/ts-gepard.com\\\/en\\\/#organization\",\"name\":\"TS-Gepard\",\"url\":\"https:\\\/\\\/ts-gepard.com\\\/en\\\/\",\"logo\":{\"@type\":\"ImageObject\",\"inLanguage\":\"en-GB\",\"@id\":\"https:\\\/\\\/ts-gepard.com\\\/en\\\/#\\\/schema\\\/logo\\\/image\\\/\",\"url\":\"https:\\\/\\\/ts-gepard.com\\\/wp-content\\\/uploads\\\/2022\\\/09\\\/TS-Gepard_logo_white.png\",\"contentUrl\":\"https:\\\/\\\/ts-gepard.com\\\/wp-content\\\/uploads\\\/2022\\\/09\\\/TS-Gepard_logo_white.png\",\"width\":400,\"height\":177,\"caption\":\"TS-Gepard\"},\"image\":{\"@id\":\"https:\\\/\\\/ts-gepard.com\\\/en\\\/#\\\/schema\\\/logo\\\/image\\\/\"}}]}<\/script>\n<!-- \/ Yoast SEO plugin. -->","yoast_head_json":{"title":"Dla przewo\u017anik\u00f3w - TS-Gepard","robots":{"index":"index","follow":"follow","max-snippet":"max-snippet:-1","max-image-preview":"max-image-preview:large","max-video-preview":"max-video-preview:-1"},"canonical":"https:\/\/ts-gepard.com\/en\/dla-przewoznikow\/","og_locale":"en_GB","og_type":"article","og_title":"Dla przewo\u017anik\u00f3w - TS-Gepard","og_description":"DLA PRZEWO\u0179NIK\u00d3W Zapraszamy przewo\u017anik\u00f3w do&nbsp;sta\u0142ej wsp\u00f3\u0142pracy na&nbsp;trasach mi\u0119dzynarodowych. Istnieje mo\u017cliwo\u015b\u0107 nawi\u0105zania stabilnych i&nbsp;d\u0142ugoterminowych relacji lub&nbsp;pojedynczych zlece\u0144 na&nbsp;prowadzenie pojazd\u00f3w typu firana 13,6 na&nbsp;przerzutach po&nbsp;krajach Unii Europejskiej. Oferujemy: Prowadzenie aut na&nbsp;trasach mi\u0119dzynarodowych z&nbsp;gwarancj\u0105 powrotu do&nbsp;PL P\u0142atno\u015b\u0107 za&nbsp;ka\u017cdy kilometr (pe\u0142no-pusto) Gwarantowane przebiegi i&nbsp;optymalizacja tras Sta\u0142y nadz\u00f3r Centrum Obs\u0142ugi Logistycznej (dedykowany spedytor) Zostaw nam wiadomo\u015b\u0107, a w ci\u0105gu 24h [&hellip;]","og_url":"https:\/\/ts-gepard.com\/en\/dla-przewoznikow\/","og_site_name":"TS-Gepard","article_modified_time":"2022-12-15T10:10:48+00:00","og_image":[{"width":1920,"height":1196,"url":"https:\/\/ts-gepard.com\/wp-content\/uploads\/2022\/09\/Witamy_w_GEPARD_Transport_web.jpg","type":"image\/jpeg"}],"twitter_card":"summary_large_image","twitter_misc":{"Estimated reading time":"1 minute"},"schema":{"@context":"https:\/\/schema.org","@graph":[{"@type":"WebPage","@id":"https:\/\/ts-gepard.com\/dla-przewoznikow\/","url":"https:\/\/ts-gepard.com\/dla-przewoznikow\/","name":"Dla przewo\u017anik\u00f3w - TS-Gepard","isPartOf":{"@id":"https:\/\/ts-gepard.com\/en\/#website"},"primaryImageOfPage":{"@id":"https:\/\/ts-gepard.com\/dla-przewoznikow\/#primaryimage"},"image":{"@id":"https:\/\/ts-gepard.com\/dla-przewoznikow\/#primaryimage"},"thumbnailUrl":"https:\/\/ts-gepard.com\/wp-content\/uploads\/2022\/09\/Witamy_w_GEPARD_Transport_web.jpg","datePublished":"2022-09-19T10:02:17+00:00","dateModified":"2022-12-15T10:10:48+00:00","breadcrumb":{"@id":"https:\/\/ts-gepard.com\/dla-przewoznikow\/#breadcrumb"},"inLanguage":"en-GB","potentialAction":[{"@type":"ReadAction","target":["https:\/\/ts-gepard.com\/dla-przewoznikow\/"]}]},{"@type":"ImageObject","inLanguage":"en-GB","@id":"https:\/\/ts-gepard.com\/dla-przewoznikow\/#primaryimage","url":"https:\/\/ts-gepard.com\/wp-content\/uploads\/2022\/09\/Witamy_w_GEPARD_Transport_web.jpg","contentUrl":"https:\/\/ts-gepard.com\/wp-content\/uploads\/2022\/09\/Witamy_w_GEPARD_Transport_web.jpg","width":1920,"height":1196},{"@type":"BreadcrumbList","@id":"https:\/\/ts-gepard.com\/dla-przewoznikow\/#breadcrumb","itemListElement":[{"@type":"ListItem","position":1,"name":"Strona g\u0142\u00f3wna","item":"https:\/\/ts-gepard.com\/"},{"@type":"ListItem","position":2,"name":"Dla przewo\u017anik\u00f3w"}]},{"@type":"WebSite","@id":"https:\/\/ts-gepard.com\/en\/#website","url":"https:\/\/ts-gepard.com\/en\/","name":"TS-Gepard","description":"Szybko\u015b\u0107 geparda w cenie","publisher":{"@id":"https:\/\/ts-gepard.com\/en\/#organization"},"potentialAction":[{"@type":"SearchAction","target":{"@type":"EntryPoint","urlTemplate":"https:\/\/ts-gepard.com\/en\/?s={search_term_string}"},"query-input":{"@type":"PropertyValueSpecification","valueRequired":true,"valueName":"search_term_string"}}],"inLanguage":"en-GB"},{"@type":"Organization","@id":"https:\/\/ts-gepard.com\/en\/#organization","name":"TS-Gepard","url":"https:\/\/ts-gepard.com\/en\/","logo":{"@type":"ImageObject","inLanguage":"en-GB","@id":"https:\/\/ts-gepard.com\/en\/#\/schema\/logo\/image\/","url":"https:\/\/ts-gepard.com\/wp-content\/uploads\/2022\/09\/TS-Gepard_logo_white.png","contentUrl":"https:\/\/ts-gepard.com\/wp-content\/uploads\/2022\/09\/TS-Gepard_logo_white.png","width":400,"height":177,"caption":"TS-Gepard"},"image":{"@id":"https:\/\/ts-gepard.com\/en\/#\/schema\/logo\/image\/"}}]}},"_links":{"self":[{"href":"https:\/\/ts-gepard.com\/en\/wp-json\/wp\/v2\/pages\/18","targetHints":{"allow":["GET"]}}],"collection":[{"href":"https:\/\/ts-gepard.com\/en\/wp-json\/wp\/v2\/pages"}],"about":[{"href":"https:\/\/ts-gepard.com\/en\/wp-json\/wp\/v2\/types\/page"}],"author":[{"embeddable":true,"href":"https:\/\/ts-gepard.com\/en\/wp-json\/wp\/v2\/users\/1"}],"replies":[{"embeddable":true,"href":"https:\/\/ts-gepard.com\/en\/wp-json\/wp\/v2\/comments?post=18"}],"version-history":[{"count":18,"href":"https:\/\/ts-gepard.com\/en\/wp-json\/wp\/v2\/pages\/18\/revisions"}],"predecessor-version":[{"id":701,"href":"https:\/\/ts-gepard.com\/en\/wp-json\/wp\/v2\/pages\/18\/revisions\/701"}],"wp:featuredmedia":[{"embeddable":true,"href":"https:\/\/ts-gepard.com\/en\/wp-json\/wp\/v2\/media\/89"}],"wp:attachment":[{"href":"https:\/\/ts-gepard.com\/en\/wp-json\/wp\/v2\/media?parent=18"}],"curies":[{"name":"wp","href":"https:\/\/api.w.org\/{rel}","templated":true}]}}