{"id":46,"date":"2022-09-19T12:31:50","date_gmt":"2022-09-19T10:31:50","guid":{"rendered":"https:\/\/ts-gepard.com\/?page_id=46"},"modified":"2022-09-30T13:11:16","modified_gmt":"2022-09-30T11:11:16","slug":"faq","status":"publish","type":"page","link":"https:\/\/ts-gepard.com\/de\/faq\/","title":{"rendered":"FAQ"},"content":{"rendered":"<div class=\"wp-block-cover gfxlab-a-fadeIn\" style=\"min-height:50rem;aspect-ratio:unset;\"><span aria-hidden=\"true\" class=\"wp-block-cover__background has-secondary-background-color has-background-dim-100 has-background-dim\"><\/span><div class=\"wp-block-cover__inner-container is-layout-flow wp-block-cover-is-layout-flow\">\n<div class=\"wp-block-group is-layout-flow wp-block-group-is-layout-flow\">\n<h2 class=\"has-text-align-center wp-block-heading\" style=\"font-size:9rem;line-height:1.2\">H\u00e4ufig gestellte Fragen<\/h2>\n<\/div>\n<\/div><\/div>\n\n\n\n<div class=\"wp-block-group is-layout-constrained wp-container-core-group-is-layout-61d65d4b wp-block-group-is-layout-constrained\" style=\"margin-top:7rem;margin-bottom:7rem\">\n<p class=\"has-medium-font-size\" style=\"font-style:normal;font-weight:500\">M\u00f6chten Sie etwas \u00fcber Aktivit\u00e4ten von TS-Gepard im Bereich internationaler Transport und Versand von Paletten erfahren? Wenn Sie hier unten keine Antwort auf Ihre Frage finden, kontaktieren Sie uns bitte per E-Mail oder telefonisch.<\/p>\n\n\n\n<div class=\"wp-block-kadence-accordion alignnone\"><div class=\"kt-accordion-wrap kt-accordion-wrap kt-accordion-id_e8779b-f8 kt-accordion-has-11-panes kt-active-pane-0 kt-accordion-block kt-pane-header-alignment-left kt-accodion-icon-style-arrow kt-accodion-icon-side-right\" style=\"max-width:none\"><div class=\"kt-accordion-inner-wrap\" data-allow-multiple-open=\"false\" data-start-open=\"none\">\n<div class=\"wp-block-kadence-pane kt-accordion-pane kt-accordion-pane-1 kt-pane_2fc17f-7f\"><div class=\"kt-accordion-header-wrap\"><button class=\"kt-blocks-accordion-header kt-acccordion-button-label-show\"><span class=\"kt-blocks-accordion-title-wrap\"><span class=\"kt-blocks-accordion-title\">Kann man Verfrachtung in ein Land von au\u00dferhalb der Europ\u00e4ischen Union in Auftrag geben?<\/span><\/span><span class=\"kt-blocks-accordion-icon-trigger\"><\/span><\/button><\/div><div class=\"kt-accordion-panel kt-accordion-panel-hidden\"><div class=\"kt-accordion-panel-inner\">\n<p>Bei Frachtauftr\u00e4gen f\u00fcr Paletten in untypische Versandrichtungen kontaktieren Sie uns bitte, um die Details zu besprechen.<\/p>\n<\/div><\/div><\/div>\n\n\n\n<div class=\"wp-block-kadence-pane kt-accordion-pane kt-accordion-pane-2 kt-pane_68d4c2-5f\"><div class=\"kt-accordion-header-wrap\"><button class=\"kt-blocks-accordion-header kt-acccordion-button-label-show\"><span class=\"kt-blocks-accordion-title-wrap\"><span class=\"kt-blocks-accordion-title\">Ist die TS-Gepard auch auf Inlandsstrecken t\u00e4tig?<\/span><\/span><span class=\"kt-blocks-accordion-icon-trigger\"><\/span><\/button><\/div><div class=\"kt-accordion-panel kt-accordion-panel-hidden\"><div class=\"kt-accordion-panel-inner\">\n<p>Ja. Bitte kontaktieren Sie uns, um die Details zu besprechen.<\/p>\n<\/div><\/div><\/div>\n\n\n\n<div class=\"wp-block-kadence-pane kt-accordion-pane kt-accordion-pane-3 kt-pane_77a07d-79\"><div class=\"kt-accordion-header-wrap\"><button class=\"kt-blocks-accordion-header kt-acccordion-button-label-show\"><span class=\"kt-blocks-accordion-title-wrap\"><span class=\"kt-blocks-accordion-title\">Kann eine Privatperson einen internationalen Transport in Auftrag geben?<\/span><\/span><span class=\"kt-blocks-accordion-icon-trigger\"><\/span><\/button><\/div><div class=\"kt-accordion-panel kt-accordion-panel-hidden\"><div class=\"kt-accordion-panel-inner\">\n<p>Nein, wir arbeiten nur mit Unternehmen und Einzelunternehmern zusammen.<\/p>\n<\/div><\/div><\/div>\n\n\n\n<div class=\"wp-block-kadence-pane kt-accordion-pane kt-accordion-pane-4 kt-pane_b44a18-53\"><div class=\"kt-accordion-header-wrap\"><button class=\"kt-blocks-accordion-header kt-acccordion-button-label-show\"><span class=\"kt-blocks-accordion-title-wrap\"><span class=\"kt-blocks-accordion-title\">Kann ein Unternehmen aus dem Ausland den Versand von Paletten bestellen?<\/span><\/span><span class=\"kt-blocks-accordion-icon-trigger\"><\/span><\/button><\/div><div class=\"kt-accordion-panel kt-accordion-panel-hidden\"><div class=\"kt-accordion-panel-inner\">\n<p>Ja, wir arbeiten mit Kunden aus ganz Europa zusammen.<\/p>\n<\/div><\/div><\/div>\n\n\n\n<div class=\"wp-block-kadence-pane kt-accordion-pane kt-accordion-pane-5 kt-pane_36c0b1-77\"><div class=\"kt-accordion-header-wrap\"><button class=\"kt-blocks-accordion-header kt-acccordion-button-label-show\"><span class=\"kt-blocks-accordion-title-wrap\"><span class=\"kt-blocks-accordion-title\">Ist das Frachtgut versichert?<\/span><\/span><span class=\"kt-blocks-accordion-icon-trigger\"><\/span><\/button><\/div><div class=\"kt-accordion-panel kt-accordion-panel-hidden\"><div class=\"kt-accordion-panel-inner\">\n<p>Selbstverst\u00e4ndlich sind der Versand von Paletten und die ihn abwickelnden Fahrzeuge nach geltenden Rechtsvorschriften versichert. Ihre Fracht ist ab dem Zeitpunkt der \u00dcbernahme durch uns versichert. Wenden Sie sich an die Abteilung Spedition, wenn Sie die genauen Tarife erfahren und sich \u00fcber den Versicherungsschutz f\u00fcr Waren im internationalen Verkehr informieren m\u00f6chten.<\/p>\n<\/div><\/div><\/div>\n\n\n\n<div class=\"wp-block-kadence-pane kt-accordion-pane kt-accordion-pane-6 kt-pane_e075d0-1c\"><div class=\"kt-accordion-header-wrap\"><button class=\"kt-blocks-accordion-header kt-acccordion-button-label-show\"><span class=\"kt-blocks-accordion-title-wrap\"><span class=\"kt-blocks-accordion-title\">Wie viel Frachtgut passt in einen Sattelauflieger hinein?<\/span><\/span><span class=\"kt-blocks-accordion-icon-trigger\"><\/span><\/button><\/div><div class=\"kt-accordion-panel kt-accordion-panel-hidden\"><div class=\"kt-accordion-panel-inner\">\n<p>Die Sattelauflieger verf\u00fcgen \u00fcber eine Nutzlast von 13,6 Metern Ladefl\u00e4che im Querschnitt und ihre Abmessungen sind: 13,6 x 2,45 x 2,75 m (L\u00e4nge x Breite x H\u00f6he).<\/p>\n<\/div><\/div><\/div>\n\n\n\n<div class=\"wp-block-kadence-pane kt-accordion-pane kt-accordion-pane-7 kt-pane_848686-85\"><div class=\"kt-accordion-header-wrap\"><button class=\"kt-blocks-accordion-header kt-acccordion-button-label-show\"><span class=\"kt-blocks-accordion-title-wrap\"><span class=\"kt-blocks-accordion-title\">Wie l\u00e4sst sich die Nutzlast des Sattelaufliegers in die Anzahl der Europaletten umrechnen?<\/span><\/span><span class=\"kt-blocks-accordion-icon-trigger\"><\/span><\/button><\/div><div class=\"kt-accordion-panel kt-accordion-panel-hidden\"><div class=\"kt-accordion-panel-inner\">\n<p>Man geht davon aus, dass maximal 3,3 Europaletten in einen Sattelauflieger \u201ereinpassen\u201c, vorausgesetzt, dass das Frachtgut nicht \u00fcber den Umriss der Palette hinausragt und die Palette Standardma\u00dfe hat.<\/p>\n<\/div><\/div><\/div>\n\n\n\n<div class=\"wp-block-kadence-pane kt-accordion-pane kt-accordion-pane-8 kt-pane_108c87-51\"><div class=\"kt-accordion-header-wrap\"><button class=\"kt-blocks-accordion-header kt-acccordion-button-label-show\"><span class=\"kt-blocks-accordion-title-wrap\"><span class=\"kt-blocks-accordion-title\">Kann ich ein Preisangebot f\u00fcr einen Transport bekommen?<\/span><\/span><span class=\"kt-blocks-accordion-icon-trigger\"><\/span><\/button><\/div><div class=\"kt-accordion-panel kt-accordion-panel-hidden\"><div class=\"kt-accordion-panel-inner\">\n<p>Selbstverst\u00e4ndlich, auf der Website ist ein Formular, mit dem Sie einen Preisvorschlag erbitten k\u00f6nnen. Wenn Sie mehr erfahren m\u00f6chten, wenden Sie sich bitte direkt an unseren Spediteur. Je nach Art der Ware, Strecke und gew\u00fcnschtem Termin sowie vorliegenden Daten zu aktuellen Frachtpl\u00e4nen erstellt der Spediteur ein optimales Preisangebot f\u00fcr Sie.<\/p>\n<\/div><\/div><\/div>\n\n\n\n<div class=\"wp-block-kadence-pane kt-accordion-pane kt-accordion-pane-9 kt-pane_034736-67\"><div class=\"kt-accordion-header-wrap\"><button class=\"kt-blocks-accordion-header kt-acccordion-button-label-show\"><span class=\"kt-blocks-accordion-title-wrap\"><span class=\"kt-blocks-accordion-title\">Stellen Sie die CMR aus?<\/span><\/span><span class=\"kt-blocks-accordion-icon-trigger\"><\/span><\/button><\/div><div class=\"kt-accordion-panel kt-accordion-panel-hidden\"><div class=\"kt-accordion-panel-inner\">\n<p>Ja, gem\u00e4\u00df dem \u00dcbereinkommen \u00fcber den internationalen Stra\u00dfeng\u00fcterverkehr stellen wir einen Standard-Frachtbrief (CMR) nach dem Muster der International Road Transport Union (IRU) aus. Es werden 3 CMR-Exemplare in drei Sprachen ausgestellt. Sie stellen ein f\u00fcr den Fall einer Kontrolle g\u00fcltiges Bef\u00f6rderungsdokument dar.<\/p>\n<\/div><\/div><\/div>\n\n\n\n<div class=\"wp-block-kadence-pane kt-accordion-pane kt-accordion-pane-10 kt-pane_bded9a-dc\"><div class=\"kt-accordion-header-wrap\"><button class=\"kt-blocks-accordion-header kt-acccordion-button-label-show\"><span class=\"kt-blocks-accordion-title-wrap\"><span class=\"kt-blocks-accordion-title\">Wie kann ich mit der TS-Gepard eine Zusammenarbeit eingehen?<\/span><\/span><span class=\"kt-blocks-accordion-icon-trigger\"><\/span><\/button><\/div><div class=\"kt-accordion-panel kt-accordion-panel-hidden\"><div class=\"kt-accordion-panel-inner\">\n<p>Klicken Sie auf Karriere, wenn Sie einen Job als C + E-Fahrer oder Spediteur suchen. Wenn Sie einen Warentransport in Auftrag geben m\u00f6chten, klicken Sie auf Kontakt. Unser Angebot f\u00fcr Spediteure finden Sie. <a href=\"https:\/\/ts-gepard.com\/de\/dla-przewoznikow\/\" data-type=\"page\" data-id=\"18\"><strong><mark style=\"background-color:rgba(0, 0, 0, 0)\" class=\"has-inline-color has-primary-color\">hier<\/mark><\/strong><\/a>.<\/p>\n<\/div><\/div><\/div>\n\n\n\n<div class=\"wp-block-kadence-pane kt-accordion-pane kt-accordion-pane-11 kt-pane_24daa2-75\"><div class=\"kt-accordion-header-wrap\"><button class=\"kt-blocks-accordion-header kt-acccordion-button-label-show\"><span class=\"kt-blocks-accordion-title-wrap\"><span class=\"kt-blocks-accordion-title\">Wie erstelle ich einen Lebenslauf?<\/span><\/span><span class=\"kt-blocks-accordion-icon-trigger\"><\/span><\/button><\/div><div class=\"kt-accordion-panel kt-accordion-panel-hidden\"><div class=\"kt-accordion-panel-inner\">\n<p>Bevor Sie Ihren Lebenslauf absenden, vergewissern Sie sich, dass diese aktuellen und vollst\u00e4ndigen Angaben zu Ihrer Berufserfahrung im Bereich Transport und Logistik beinhaltet. Geben Sie die Namen Ihrer Vorarbeitgeber und Besch\u00e4ftigungsdaten an. Vergessen Sie nicht, Ihre Kontaktdaten zu hinterlassen.<\/p>\n<\/div><\/div><\/div>\n<\/div><\/div><\/div>\n<\/div>","protected":false},"excerpt":{"rendered":"<p>M\u00f6chten Sie etwas \u00fcber Aktivit\u00e4ten von TS-Gepard im Bereich internationaler Transport und Versand von Paletten erfahren? Wenn Sie hier unten keine Antwort auf Ihre Frage finden, kontaktieren Sie uns bitte per E-Mail oder telefonisch.<\/p>","protected":false},"author":1,"featured_media":0,"parent":0,"menu_order":0,"comment_status":"closed","ping_status":"closed","template":"","meta":{"footnotes":""},"class_list":["post-46","page","type-page","status-publish","hentry"],"yoast_head":"<!-- This site is optimized with the Yoast SEO plugin v27.3 - https:\/\/yoast.com\/product\/yoast-seo-wordpress\/ -->\n<title>FAQ - TS-Gepard<\/title>\n<meta name=\"robots\" content=\"index, follow, max-snippet:-1, max-image-preview:large, max-video-preview:-1\" \/>\n<link rel=\"canonical\" href=\"https:\/\/ts-gepard.com\/de\/faq\/\" \/>\n<meta property=\"og:locale\" content=\"de_DE\" \/>\n<meta property=\"og:type\" content=\"article\" \/>\n<meta property=\"og:title\" content=\"FAQ - TS-Gepard\" \/>\n<meta property=\"og:description\" content=\"Masz pytanie o dzia\u0142alno\u015b\u0107 TS-Gepard w zakresie transportu mi\u0119dzynarodowego i wysy\u0142ki palet? Je\u015bli nie znajdziesz odpowiedzi poni\u017cej, zapraszamy do kontaktu drog\u0105 mailow\u0105 lub telefoniczn\u0105.\" \/>\n<meta property=\"og:url\" content=\"https:\/\/ts-gepard.com\/de\/faq\/\" \/>\n<meta property=\"og:site_name\" content=\"TS-Gepard\" \/>\n<meta property=\"article:modified_time\" content=\"2022-09-30T11:11:16+00:00\" \/>\n<meta name=\"twitter:card\" content=\"summary_large_image\" \/>\n<meta name=\"twitter:label1\" content=\"Gesch\u00e4tzte Lesezeit\" \/>\n\t<meta name=\"twitter:data1\" content=\"2\u00a0Minuten\" \/>\n<script type=\"application\/ld+json\" class=\"yoast-schema-graph\">{\"@context\":\"https:\\\/\\\/schema.org\",\"@graph\":[{\"@type\":\"WebPage\",\"@id\":\"https:\\\/\\\/ts-gepard.com\\\/en\\\/faq\\\/\",\"url\":\"https:\\\/\\\/ts-gepard.com\\\/en\\\/faq\\\/\",\"name\":\"FAQ - TS-Gepard\",\"isPartOf\":{\"@id\":\"https:\\\/\\\/ts-gepard.com\\\/en\\\/#website\"},\"datePublished\":\"2022-09-19T10:31:50+00:00\",\"dateModified\":\"2022-09-30T11:11:16+00:00\",\"breadcrumb\":{\"@id\":\"https:\\\/\\\/ts-gepard.com\\\/en\\\/faq\\\/#breadcrumb\"},\"inLanguage\":\"de\",\"potentialAction\":[{\"@type\":\"ReadAction\",\"target\":[\"https:\\\/\\\/ts-gepard.com\\\/en\\\/faq\\\/\"]}]},{\"@type\":\"BreadcrumbList\",\"@id\":\"https:\\\/\\\/ts-gepard.com\\\/en\\\/faq\\\/#breadcrumb\",\"itemListElement\":[{\"@type\":\"ListItem\",\"position\":1,\"name\":\"Strona g\u0142\u00f3wna\",\"item\":\"https:\\\/\\\/ts-gepard.com\\\/\"},{\"@type\":\"ListItem\",\"position\":2,\"name\":\"FAQ\"}]},{\"@type\":\"WebSite\",\"@id\":\"https:\\\/\\\/ts-gepard.com\\\/en\\\/#website\",\"url\":\"https:\\\/\\\/ts-gepard.com\\\/en\\\/\",\"name\":\"TS-Gepard\",\"description\":\"Szybko\u015b\u0107 geparda w cenie\",\"publisher\":{\"@id\":\"https:\\\/\\\/ts-gepard.com\\\/en\\\/#organization\"},\"potentialAction\":[{\"@type\":\"SearchAction\",\"target\":{\"@type\":\"EntryPoint\",\"urlTemplate\":\"https:\\\/\\\/ts-gepard.com\\\/en\\\/?s={search_term_string}\"},\"query-input\":{\"@type\":\"PropertyValueSpecification\",\"valueRequired\":true,\"valueName\":\"search_term_string\"}}],\"inLanguage\":\"de\"},{\"@type\":\"Organization\",\"@id\":\"https:\\\/\\\/ts-gepard.com\\\/en\\\/#organization\",\"name\":\"TS-Gepard\",\"url\":\"https:\\\/\\\/ts-gepard.com\\\/en\\\/\",\"logo\":{\"@type\":\"ImageObject\",\"inLanguage\":\"de\",\"@id\":\"https:\\\/\\\/ts-gepard.com\\\/en\\\/#\\\/schema\\\/logo\\\/image\\\/\",\"url\":\"https:\\\/\\\/ts-gepard.com\\\/wp-content\\\/uploads\\\/2022\\\/09\\\/TS-Gepard_logo_white.png\",\"contentUrl\":\"https:\\\/\\\/ts-gepard.com\\\/wp-content\\\/uploads\\\/2022\\\/09\\\/TS-Gepard_logo_white.png\",\"width\":400,\"height\":177,\"caption\":\"TS-Gepard\"},\"image\":{\"@id\":\"https:\\\/\\\/ts-gepard.com\\\/en\\\/#\\\/schema\\\/logo\\\/image\\\/\"}}]}<\/script>\n<!-- \/ Yoast SEO plugin. -->","yoast_head_json":{"title":"FAQ - TS-Gepard","robots":{"index":"index","follow":"follow","max-snippet":"max-snippet:-1","max-image-preview":"max-image-preview:large","max-video-preview":"max-video-preview:-1"},"canonical":"https:\/\/ts-gepard.com\/de\/faq\/","og_locale":"de_DE","og_type":"article","og_title":"FAQ - TS-Gepard","og_description":"Masz pytanie o dzia\u0142alno\u015b\u0107 TS-Gepard w zakresie transportu mi\u0119dzynarodowego i wysy\u0142ki palet? Je\u015bli nie znajdziesz odpowiedzi poni\u017cej, zapraszamy do kontaktu drog\u0105 mailow\u0105 lub telefoniczn\u0105.","og_url":"https:\/\/ts-gepard.com\/de\/faq\/","og_site_name":"TS-Gepard","article_modified_time":"2022-09-30T11:11:16+00:00","twitter_card":"summary_large_image","twitter_misc":{"Gesch\u00e4tzte Lesezeit":"2\u00a0Minuten"},"schema":{"@context":"https:\/\/schema.org","@graph":[{"@type":"WebPage","@id":"https:\/\/ts-gepard.com\/en\/faq\/","url":"https:\/\/ts-gepard.com\/en\/faq\/","name":"FAQ - TS-Gepard","isPartOf":{"@id":"https:\/\/ts-gepard.com\/en\/#website"},"datePublished":"2022-09-19T10:31:50+00:00","dateModified":"2022-09-30T11:11:16+00:00","breadcrumb":{"@id":"https:\/\/ts-gepard.com\/en\/faq\/#breadcrumb"},"inLanguage":"de","potentialAction":[{"@type":"ReadAction","target":["https:\/\/ts-gepard.com\/en\/faq\/"]}]},{"@type":"BreadcrumbList","@id":"https:\/\/ts-gepard.com\/en\/faq\/#breadcrumb","itemListElement":[{"@type":"ListItem","position":1,"name":"Strona g\u0142\u00f3wna","item":"https:\/\/ts-gepard.com\/"},{"@type":"ListItem","position":2,"name":"FAQ"}]},{"@type":"WebSite","@id":"https:\/\/ts-gepard.com\/en\/#website","url":"https:\/\/ts-gepard.com\/en\/","name":"TS-Gepard","description":"Szybko\u015b\u0107 geparda w cenie","publisher":{"@id":"https:\/\/ts-gepard.com\/en\/#organization"},"potentialAction":[{"@type":"SearchAction","target":{"@type":"EntryPoint","urlTemplate":"https:\/\/ts-gepard.com\/en\/?s={search_term_string}"},"query-input":{"@type":"PropertyValueSpecification","valueRequired":true,"valueName":"search_term_string"}}],"inLanguage":"de"},{"@type":"Organization","@id":"https:\/\/ts-gepard.com\/en\/#organization","name":"TS-Gepard","url":"https:\/\/ts-gepard.com\/en\/","logo":{"@type":"ImageObject","inLanguage":"de","@id":"https:\/\/ts-gepard.com\/en\/#\/schema\/logo\/image\/","url":"https:\/\/ts-gepard.com\/wp-content\/uploads\/2022\/09\/TS-Gepard_logo_white.png","contentUrl":"https:\/\/ts-gepard.com\/wp-content\/uploads\/2022\/09\/TS-Gepard_logo_white.png","width":400,"height":177,"caption":"TS-Gepard"},"image":{"@id":"https:\/\/ts-gepard.com\/en\/#\/schema\/logo\/image\/"}}]}},"_links":{"self":[{"href":"https:\/\/ts-gepard.com\/de\/wp-json\/wp\/v2\/pages\/46","targetHints":{"allow":["GET"]}}],"collection":[{"href":"https:\/\/ts-gepard.com\/de\/wp-json\/wp\/v2\/pages"}],"about":[{"href":"https:\/\/ts-gepard.com\/de\/wp-json\/wp\/v2\/types\/page"}],"author":[{"embeddable":true,"href":"https:\/\/ts-gepard.com\/de\/wp-json\/wp\/v2\/users\/1"}],"replies":[{"embeddable":true,"href":"https:\/\/ts-gepard.com\/de\/wp-json\/wp\/v2\/comments?post=46"}],"version-history":[{"count":13,"href":"https:\/\/ts-gepard.com\/de\/wp-json\/wp\/v2\/pages\/46\/revisions"}],"predecessor-version":[{"id":430,"href":"https:\/\/ts-gepard.com\/de\/wp-json\/wp\/v2\/pages\/46\/revisions\/430"}],"wp:attachment":[{"href":"https:\/\/ts-gepard.com\/de\/wp-json\/wp\/v2\/media?parent=46"}],"curies":[{"name":"wp","href":"https:\/\/api.w.org\/{rel}","templated":true}]}}